{"id":6804,"date":"2025-08-11T11:09:35","date_gmt":"2025-08-11T11:09:35","guid":{"rendered":"https:\/\/romantic-napier.54-36-183-106.plesk.page\/?page_id=6804"},"modified":"2025-11-24T09:10:40","modified_gmt":"2025-11-24T09:10:40","slug":"climatisation","status":"publish","type":"page","link":"https:\/\/rfroidmoncourtois.fr\/?page_id=6804","title":{"rendered":"Climatisation"},"content":{"rendered":"[vc_row type=\u00a0\u00bbin_container\u00a0\u00bb full_screen_row_position=\u00a0\u00bbmiddle\u00a0\u00bb column_margin=\u00a0\u00bbdefault\u00a0\u00bb column_direction=\u00a0\u00bbdefault\u00a0\u00bb column_direction_tablet=\u00a0\u00bbdefault\u00a0\u00bb column_direction_phone=\u00a0\u00bbdefault\u00a0\u00bb scene_position=\u00a0\u00bbcenter\u00a0\u00bb text_color=\u00a0\u00bbdark\u00a0\u00bb text_align=\u00a0\u00bbleft\u00a0\u00bb row_border_radius=\u00a0\u00bbnone\u00a0\u00bb row_border_radius_applies=\u00a0\u00bbbg\u00a0\u00bb overlay_strength=\u00a0\u00bb0.3&Prime; gradient_direction=\u00a0\u00bbleft_to_right\u00a0\u00bb shape_divider_position=\u00a0\u00bbbottom\u00a0\u00bb bg_image_animation=\u00a0\u00bbnone\u00a0\u00bb][vc_column column_padding=\u00a0\u00bbno-extra-padding\u00a0\u00bb column_padding_tablet=\u00a0\u00bbinherit\u00a0\u00bb column_padding_phone=\u00a0\u00bbinherit\u00a0\u00bb column_padding_position=\u00a0\u00bball\u00a0\u00bb column_element_spacing=\u00a0\u00bbdefault\u00a0\u00bb background_color_opacity=\u00a0\u00bb1&Prime; background_hover_color_opacity=\u00a0\u00bb1&Prime; column_shadow=\u00a0\u00bbnone\u00a0\u00bb column_border_radius=\u00a0\u00bbnone\u00a0\u00bb column_link_target=\u00a0\u00bb_self\u00a0\u00bb gradient_direction=\u00a0\u00bbleft_to_right\u00a0\u00bb overlay_strength=\u00a0\u00bb0.3&Prime; width=\u00a0\u00bb1\/1&Prime; tablet_width_inherit=\u00a0\u00bbdefault\u00a0\u00bb tablet_text_alignment=\u00a0\u00bbdefault\u00a0\u00bb phone_text_alignment=\u00a0\u00bbdefault\u00a0\u00bb bg_image_animation=\u00a0\u00bbnone\u00a0\u00bb border_type=\u00a0\u00bbsimple\u00a0\u00bb column_border_width=\u00a0\u00bbnone\u00a0\u00bb column_border_style=\u00a0\u00bbsolid\u00a0\u00bb]<style type=\"text\/css\">@media only screen and (min-width: 1300px) { #nectar-slider-instance-1, #nectar-slider-instance-1 .swiper-container { height: 650px; }  } @media only screen and (max-width: 1299px) { #nectar-slider-instance-1, #nectar-slider-instance-1 .swiper-container { height: 541.66666666667px; }  } @media only screen and (max-width: 1000px) { #nectar-slider-instance-1, #nectar-slider-instance-1 .swiper-container { height: 464.28571428571px; }  } @media only screen and (max-width: 690px) { #nectar-slider-instance-1, #nectar-slider-instance-1 .swiper-container { height: 240.74074074074px; }  } <\/style><div  data-transition=\"slide\" data-overall_style=\"classic\" data-flexible-height=\"\" data-animate-in-effect=\"zoom-out\" data-fullscreen=\"false\" data-button-sizing=\"regular\" data-button-styling=\"btn_with_count\" data-autorotate=\"\" data-parallax=\"false\" data-parallax-disable-mobile=\"\" data-caption-trans=\"fade_in_from_bottom\" data-parallax-style=\"bg_only\" data-bg-animation=\"none\" data-full-width=\"true\" class=\"nectar-slider-wrap \" id=\"nectar-slider-instance-1\"><div class=\"swiper-container\"  data-tho=\"auto\" data-tco=\"auto\" data-pho=\"auto\" data-pco=\"auto\" data-loop=\"false\" data-height=\"650\" data-min-height=\"\" data-arrows=\"false\" data-bullets=\"false\" data-bullet_style=\"see_through\" data-bullet_position=\"bottom\" data-desktop-swipe=\"false\" data-settings=\"\"> <div class=\"swiper-wrapper\"><div class=\"swiper-slide\" data-desktop-content-width=\"auto\" data-tablet-content-width=\"auto\" data-bg-alignment=\"center\" data-color-scheme=\"light\" data-x-pos=\"left\" data-y-pos=\"middle\" ><div class=\"slide-bg-wrap\"><div class=\"image-bg\" style=\"background-image: url(https:\/\/rfroidmoncourtois.fr\/wp-content\/uploads\/2025\/11\/WhatsApp-Image-2025-11-20-at-10.08.25.jpeg);\"> &nbsp; <\/div><\/div><div class=\"video-texture \"> <span class=\"ie-fix\"><\/span> <\/div><\/div> <!--\/swiper-slide--><\/div><div class=\"nectar-slider-loading \"> <span class=\"loading-icon none\">   <\/span> <\/div> <\/div> \r\n\t\t\t\t\t\r\n\t\t\t\t\t<\/div>[nectar_highlighted_text color_type=\u00a0\u00bbregular\u00a0\u00bb style=\u00a0\u00bbfull_text\u00a0\u00bb highlight_expansion=\u00a0\u00bbdefault\u00a0\u00bb]\n<h2><strong>Climatisation et Pompe \u00c0 Chaleur \u2013 R. Froid Moncourtois<\/strong><\/h2>\n<p><strong>R.Froid Moncourtois<span style=\"font-size: 16px;\">, votre expert en <\/span>climatisation professionnelle <span style=\"font-size: 16px;\">et\u00a0<\/span>pompes \u00e0 chaleur pr\u00e8s de Fontainebleau<span style=\"font-size: 16px;\">, propose des solutions de\u00a0<\/span>chauffage et de rafra\u00eechissement<span style=\"font-size: 16px;\">\u00a0adapt\u00e9es aux besoins des\u00a0<\/span>commerces<span style=\"font-size: 16px;\">,\u00a0<\/span>bureaux<span style=\"font-size: 16px;\">,\u00a0<\/span>collectivit\u00e9s<span style=\"font-size: 16px;\">,\u00a0 <\/span>restaurants<span style=\"font-size: 16px;\">\u00a0et\u00a0<\/span>habitations<span style=\"font-size: 16px;\">.<\/span><\/strong><\/p>\n<p>Nous vous accompagnons dans la\u00a0<strong>vente<\/strong>, l\u2019<strong>installation<\/strong>, la\u00a0<strong>maintenance<\/strong>\u00a0et le\u00a0<strong>d\u00e9pannage<\/strong>\u00a0de syst\u00e8mes de\u00a0<strong>climatisation r\u00e9versible<\/strong>\u00a0et de\u00a0<strong>pompes \u00e0 chaleur air\/air<\/strong>\u00a0ou\u00a0<strong>air\/eau<\/strong>, pour un confort thermique optimal toute l\u2019ann\u00e9e.<\/p>\n<h3><strong>Climatisation professionnelle : confort et performance<\/strong><\/h3>\n<p>Nous installons des syst\u00e8mes de\u00a0<strong>climatisation performants<\/strong>, \u00e0 la fois\u00a0<strong>\u00e9conomiques<\/strong>\u00a0et\u00a0<strong>silencieux<\/strong>, con\u00e7us pour s\u2019adapter aux contraintes de vos espaces :<\/p>\n<ul>\n<li><strong>Syst\u00e8mes gainables <\/strong>pour une int\u00e9gration discr\u00e8te<\/li>\n<li><strong>Climatisation r\u00e9versible <\/strong>pour rafra\u00eechir l\u2019\u00e9t\u00e9 et chauffer l\u2019hiver<\/li>\n<li><strong>Solutions DRV\/VRV <\/strong><strong>pour le confort thermique des bureaux, mairies et collectivit\u00e9s, avec haute efficacit\u00e9 \u00e9nerg\u00e9tique<\/strong><\/li>\n<\/ul>\n<h3><strong>Pompe \u00e0 chaleur : une solution \u00e9cologique et \u00e9conomique<\/strong><\/h3>\n<p>La\u00a0<strong>pompe \u00e0 chaleur<\/strong>\u00a0est une solution de\u00a0<strong>chauffage renouvelable<\/strong>\u00a0qui permet de\u00a0<strong>r\u00e9duire vos consommations d\u2019\u00e9nergie <\/strong>tout en respectant l\u2019environnement. Chez\u00a0<strong>R. Froid Moncourtois<\/strong>, nous vous proposons :<\/p>\n<ul>\n<li>Des <strong>pompes \u00e0 chaleur air\/eau<\/strong>\u00a0pour alimenter votre syst\u00e8me de chauffage central ou ballon d\u2019eau chaude<\/li>\n<li>Des <strong>pompes \u00e0 chaleur eau\/eau <\/strong>qui capte les calories d\u2019une source d\u2019eau souterraine pour un confort durable<\/li>\n<li>Une <strong>installation sur mesure<\/strong>, adapt\u00e9e \u00e0 vos besoins<\/li>\n<li>Un <strong>entretien r\u00e9gulier<\/strong>\u00a0pour optimiser la dur\u00e9e de vie de vos \u00e9quipements<\/li>\n<\/ul>\n<h3><strong>Des techniciens qualifi\u00e9s \u00e0 votre service<\/strong><\/h3>\n<p>Nos \u00e9quipes interviennent rapidement pour tout projet d\u2019<strong>installation de climatisation<\/strong>\u00a0ou de\u00a0<strong>pompe \u00e0 chaleur<\/strong>, ainsi que pour le\u00a0<strong>d\u00e9pannage<\/strong>\u00a0ou la\u00a0<strong>maintenance pr\u00e9ventive<\/strong>\u00a0de vos syst\u00e8mes. Nous veillons \u00e0 garantir\u00a0<strong>efficacit\u00e9 \u00e9nerg\u00e9tique<\/strong>,\u00a0<strong>confort thermique<\/strong>\u00a0et\u00a0<strong>durabilit\u00e9<\/strong>.<\/p>\n<p><strong>B\u00e9n\u00e9ficiez de notre savoir-faire pour tous vos projets de climatisation ou de pompe \u00e0 chaleur<\/strong>, et profitez d\u2019un confort optimal en toutes saisons.[\/nectar_highlighted_text][\/vc_column][\/vc_row]\n","protected":false},"excerpt":{"rendered":"<p>[vc_row type=\u00a0\u00bbin_container\u00a0\u00bb full_screen_row_position=\u00a0\u00bbmiddle\u00a0\u00bb column_margin=\u00a0\u00bbdefault\u00a0\u00bb column_direction=\u00a0\u00bbdefault\u00a0\u00bb column_direction_tablet=\u00a0\u00bbdefault\u00a0\u00bb column_direction_phone=\u00a0\u00bbdefault\u00a0\u00bb scene_position=\u00a0\u00bbcenter\u00a0\u00bb text_color=\u00a0\u00bbdark\u00a0\u00bb text_align=\u00a0\u00bbleft\u00a0\u00bb row_border_radius=\u00a0\u00bbnone\u00a0\u00bb row_border_radius_applies=\u00a0\u00bbbg\u00a0\u00bb overlay_strength=\u00a0\u00bb0.3&Prime; gradient_direction=\u00a0\u00bbleft_to_right\u00a0\u00bb shape_divider_position=\u00a0\u00bbbottom\u00a0\u00bb bg_image_animation=\u00a0\u00bbnone\u00a0\u00bb][vc_column column_padding=\u00a0\u00bbno-extra-padding\u00a0\u00bb column_padding_tablet=\u00a0\u00bbinherit\u00a0\u00bb column_padding_phone=\u00a0\u00bbinherit\u00a0\u00bb column_padding_position=\u00a0\u00bball\u00a0\u00bb column_element_spacing=\u00a0\u00bbdefault\u00a0\u00bb background_color_opacity=\u00a0\u00bb1&Prime; background_hover_color_opacity=\u00a0\u00bb1&Prime; column_shadow=\u00a0\u00bbnone\u00a0\u00bb column_border_radius=\u00a0\u00bbnone\u00a0\u00bb&#8230;<\/p>\n","protected":false},"author":1,"featured_media":0,"parent":0,"menu_order":0,"comment_status":"closed","ping_status":"closed","template":"","meta":{"footnotes":""},"class_list":["post-6804","page","type-page","status-publish"],"_links":{"self":[{"href":"https:\/\/rfroidmoncourtois.fr\/index.php?rest_route=\/wp\/v2\/pages\/6804","targetHints":{"allow":["GET"]}}],"collection":[{"href":"https:\/\/rfroidmoncourtois.fr\/index.php?rest_route=\/wp\/v2\/pages"}],"about":[{"href":"https:\/\/rfroidmoncourtois.fr\/index.php?rest_route=\/wp\/v2\/types\/page"}],"author":[{"embeddable":true,"href":"https:\/\/rfroidmoncourtois.fr\/index.php?rest_route=\/wp\/v2\/users\/1"}],"replies":[{"embeddable":true,"href":"https:\/\/rfroidmoncourtois.fr\/index.php?rest_route=%2Fwp%2Fv2%2Fcomments&post=6804"}],"version-history":[{"count":7,"href":"https:\/\/rfroidmoncourtois.fr\/index.php?rest_route=\/wp\/v2\/pages\/6804\/revisions"}],"predecessor-version":[{"id":6865,"href":"https:\/\/rfroidmoncourtois.fr\/index.php?rest_route=\/wp\/v2\/pages\/6804\/revisions\/6865"}],"wp:attachment":[{"href":"https:\/\/rfroidmoncourtois.fr\/index.php?rest_route=%2Fwp%2Fv2%2Fmedia&parent=6804"}],"curies":[{"name":"wp","href":"https:\/\/api.w.org\/{rel}","templated":true}]}}