{"id":6802,"date":"2025-08-11T11:09:16","date_gmt":"2025-08-11T11:09:16","guid":{"rendered":"https:\/\/romantic-napier.54-36-183-106.plesk.page\/?page_id=6802"},"modified":"2025-11-24T09:10:11","modified_gmt":"2025-11-24T09:10:11","slug":"froid-industriel","status":"publish","type":"page","link":"https:\/\/rfroidmoncourtois.fr\/?page_id=6802","title":{"rendered":"Froid Industriel"},"content":{"rendered":"[vc_row type=\u00a0\u00bbin_container\u00a0\u00bb full_screen_row_position=\u00a0\u00bbmiddle\u00a0\u00bb column_margin=\u00a0\u00bbdefault\u00a0\u00bb column_direction=\u00a0\u00bbdefault\u00a0\u00bb column_direction_tablet=\u00a0\u00bbdefault\u00a0\u00bb column_direction_phone=\u00a0\u00bbdefault\u00a0\u00bb scene_position=\u00a0\u00bbcenter\u00a0\u00bb text_color=\u00a0\u00bbdark\u00a0\u00bb text_align=\u00a0\u00bbleft\u00a0\u00bb row_border_radius=\u00a0\u00bbnone\u00a0\u00bb row_border_radius_applies=\u00a0\u00bbbg\u00a0\u00bb overlay_strength=\u00a0\u00bb0.3&Prime; gradient_direction=\u00a0\u00bbleft_to_right\u00a0\u00bb shape_divider_position=\u00a0\u00bbbottom\u00a0\u00bb bg_image_animation=\u00a0\u00bbnone\u00a0\u00bb][vc_column column_padding=\u00a0\u00bbno-extra-padding\u00a0\u00bb column_padding_tablet=\u00a0\u00bbinherit\u00a0\u00bb column_padding_phone=\u00a0\u00bbinherit\u00a0\u00bb column_padding_position=\u00a0\u00bball\u00a0\u00bb column_element_spacing=\u00a0\u00bbdefault\u00a0\u00bb background_color_opacity=\u00a0\u00bb1&Prime; background_hover_color_opacity=\u00a0\u00bb1&Prime; column_shadow=\u00a0\u00bbnone\u00a0\u00bb column_border_radius=\u00a0\u00bbnone\u00a0\u00bb column_link_target=\u00a0\u00bb_self\u00a0\u00bb gradient_direction=\u00a0\u00bbleft_to_right\u00a0\u00bb overlay_strength=\u00a0\u00bb0.3&Prime; width=\u00a0\u00bb1\/1&Prime; tablet_width_inherit=\u00a0\u00bbdefault\u00a0\u00bb tablet_text_alignment=\u00a0\u00bbdefault\u00a0\u00bb phone_text_alignment=\u00a0\u00bbdefault\u00a0\u00bb bg_image_animation=\u00a0\u00bbnone\u00a0\u00bb border_type=\u00a0\u00bbsimple\u00a0\u00bb column_border_width=\u00a0\u00bbnone\u00a0\u00bb column_border_style=\u00a0\u00bbsolid\u00a0\u00bb]<style type=\"text\/css\">@media only screen and (min-width: 1300px) { #nectar-slider-instance-1, #nectar-slider-instance-1 .swiper-container { height: 650px; }  } @media only screen and (max-width: 1299px) { #nectar-slider-instance-1, #nectar-slider-instance-1 .swiper-container { height: 541.66666666667px; }  } @media only screen and (max-width: 1000px) { #nectar-slider-instance-1, #nectar-slider-instance-1 .swiper-container { height: 464.28571428571px; }  } @media only screen and (max-width: 690px) { #nectar-slider-instance-1, #nectar-slider-instance-1 .swiper-container { height: 240.74074074074px; }  } <\/style><div  data-transition=\"slide\" data-overall_style=\"classic\" data-flexible-height=\"\" data-animate-in-effect=\"zoom-out\" data-fullscreen=\"false\" data-button-sizing=\"regular\" data-button-styling=\"btn_with_count\" data-autorotate=\"\" data-parallax=\"false\" data-parallax-disable-mobile=\"\" data-caption-trans=\"fade_in_from_bottom\" data-parallax-style=\"bg_only\" data-bg-animation=\"none\" data-full-width=\"true\" class=\"nectar-slider-wrap \" id=\"nectar-slider-instance-1\"><div class=\"swiper-container\"  data-tho=\"auto\" data-tco=\"auto\" data-pho=\"auto\" data-pco=\"auto\" data-loop=\"false\" data-height=\"650\" data-min-height=\"\" data-arrows=\"false\" data-bullets=\"false\" data-bullet_style=\"see_through\" data-bullet_position=\"bottom\" data-desktop-swipe=\"false\" data-settings=\"\"> <div class=\"swiper-wrapper\"><div class=\"swiper-slide\" data-desktop-content-width=\"auto\" data-tablet-content-width=\"auto\" data-bg-alignment=\"center\" data-color-scheme=\"light\" data-x-pos=\"left\" data-y-pos=\"middle\" ><div class=\"slide-bg-wrap\"><div class=\"image-bg\" style=\"background-image: url(https:\/\/rfroidmoncourtois.fr\/wp-content\/uploads\/2025\/11\/WhatsApp-Image-2025-11-20-at-10.14.47.jpeg);\"> &nbsp; <\/div><\/div><div class=\"video-texture \"> <span class=\"ie-fix\"><\/span> <\/div><\/div> <!--\/swiper-slide--><\/div><div class=\"nectar-slider-loading \"> <span class=\"loading-icon none\">   <\/span> <\/div> <\/div> \r\n\t\t\t\t\t\r\n\t\t\t\t\t<\/div>[nectar_highlighted_text color_type=\u00a0\u00bbregular\u00a0\u00bb style=\u00a0\u00bbfull_text\u00a0\u00bb highlight_expansion=\u00a0\u00bbdefault\u00a0\u00bb]\n<h2><strong>Froid industriel et commercial \u2013 R. Froid Moncourtois<\/strong><\/h2>\n<p><strong>R.Froid Moncourtois<span style=\"font-size: 16px;\">, votre sp\u00e9cialiste du <\/span>froid industriel et commercial pr\u00e8s de Fontainebleau<span style=\"font-size: 16px;\">, vous accompagne dans la <\/span>vente<span style=\"font-size: 16px;\">, l\u2019<\/span>installation<span style=\"font-size: 16px;\">, la\u00a0<\/span>maintenance<span style=\"font-size: 16px;\">\u00a0et le\u00a0<\/span>d\u00e9pannage<span style=\"font-size: 16px;\">\u00a0de vos \u00e9quipements frigorifiques professionnels.<\/span><\/strong><\/p>\n<p>Nous intervenons dans tous les secteurs ayant besoin de solutions de\u00a0<strong>r\u00e9frig\u00e9ration performantes<\/strong>\u00a0:\u00a0<strong>restauration<\/strong>,\u00a0<strong>collectivit\u00e9s<\/strong>,\u00a0 <strong>m\u00e9tiers de bouche<\/strong>,\u00a0<strong>industries agroalimentaires<\/strong>,\u00a0<strong>grandes surfaces<\/strong>,\u00a0<strong>laboratoires<\/strong>, etc.<\/p>\n<h3><strong>Mat\u00e9riel de froid industriel et commercial sur mesure<\/strong><\/h3>\n<p>Nous proposons et installons une large gamme d\u2019\u00e9quipements de\u00a0<strong>froid professionnel<\/strong>\u00a0adapt\u00e9s \u00e0 vos besoins :<\/p>\n<ul>\n<li><strong>Chambres froides <\/strong>positives ou n\u00e9gatives pour le stockage de produits p\u00e9rissables<\/li>\n<li><strong>Armoires r\u00e9frig\u00e9r\u00e9es <\/strong>compactes et robustes pour un acc\u00e8s rapide aux denr\u00e9es<\/li>\n<li><strong>Vitrines r\u00e9frig\u00e9r\u00e9es <\/strong>pour allier pr\u00e9sentation et conservation<\/li>\n<li><strong>Cellules de refroidissement et surg\u00e9lateurs professionnels<\/strong><\/li>\n<li><strong>Groupes froids <\/strong>et syst\u00e8mes de r\u00e9gulation adapt\u00e9s \u00e0 vos contraintes techniques<\/li>\n<\/ul>\n<h3><strong>Performance, fiabilit\u00e9 et s\u00e9curit\u00e9 alimentaire<\/strong><\/h3>\n<p>Le\u00a0<strong>froid industriel et commercial<\/strong>\u00a0joue un r\u00f4le essentiel dans la\u00a0<strong>cha\u00eene du froid<\/strong>\u00a0et la\u00a0<strong>s\u00e9curit\u00e9 alimentaire<\/strong>. Nos installations garantissent :<\/p>\n<ul>\n<li>Une <strong>temp\u00e9rature stable et ma\u00eetris\u00e9e<\/strong><\/li>\n<li>Le <strong>respect des normes d\u2019hygi\u00e8ne et de s\u00e9curit\u00e9<\/strong><\/li>\n<li>Une <strong>\u00e9conomie d\u2019\u00e9nergie<\/strong>\u00a0gr\u00e2ce \u00e0 des technologies r\u00e9centes<\/li>\n<li>Une <strong>long\u00e9vit\u00e9 optimale<\/strong>\u00a0gr\u00e2ce \u00e0 un entretien r\u00e9gulier<\/li>\n<li>Nos <strong>techniciens frigoristes<\/strong>\u00a0sont form\u00e9s pour vous accompagner \u00e0 chaque \u00e9tape : de l\u2019\u00e9tude de vos besoins \u00e0 l\u2019intervention en urgence, avec des contrats de\u00a0<strong>maintenance pr\u00e9ventive<\/strong>\u00a0et un\u00a0<strong>service apr\u00e8s-vente r\u00e9actif<\/strong>.<\/li>\n<\/ul>\n<p><strong>B\u00e9n\u00e9ficiez de notre expertise pour tous vos \u00e9quipements de froid industriel et commercial<\/strong>, et assurez la performance durable de vos installations.[\/nectar_highlighted_text][\/vc_column][\/vc_row]\n","protected":false},"excerpt":{"rendered":"<p>[vc_row type=\u00a0\u00bbin_container\u00a0\u00bb full_screen_row_position=\u00a0\u00bbmiddle\u00a0\u00bb column_margin=\u00a0\u00bbdefault\u00a0\u00bb column_direction=\u00a0\u00bbdefault\u00a0\u00bb column_direction_tablet=\u00a0\u00bbdefault\u00a0\u00bb column_direction_phone=\u00a0\u00bbdefault\u00a0\u00bb scene_position=\u00a0\u00bbcenter\u00a0\u00bb text_color=\u00a0\u00bbdark\u00a0\u00bb text_align=\u00a0\u00bbleft\u00a0\u00bb row_border_radius=\u00a0\u00bbnone\u00a0\u00bb row_border_radius_applies=\u00a0\u00bbbg\u00a0\u00bb overlay_strength=\u00a0\u00bb0.3&Prime; gradient_direction=\u00a0\u00bbleft_to_right\u00a0\u00bb shape_divider_position=\u00a0\u00bbbottom\u00a0\u00bb bg_image_animation=\u00a0\u00bbnone\u00a0\u00bb][vc_column column_padding=\u00a0\u00bbno-extra-padding\u00a0\u00bb column_padding_tablet=\u00a0\u00bbinherit\u00a0\u00bb column_padding_phone=\u00a0\u00bbinherit\u00a0\u00bb column_padding_position=\u00a0\u00bball\u00a0\u00bb column_element_spacing=\u00a0\u00bbdefault\u00a0\u00bb background_color_opacity=\u00a0\u00bb1&Prime; background_hover_color_opacity=\u00a0\u00bb1&Prime; column_shadow=\u00a0\u00bbnone\u00a0\u00bb column_border_radius=\u00a0\u00bbnone\u00a0\u00bb&#8230;<\/p>\n","protected":false},"author":1,"featured_media":0,"parent":0,"menu_order":0,"comment_status":"closed","ping_status":"closed","template":"","meta":{"footnotes":""},"class_list":["post-6802","page","type-page","status-publish"],"_links":{"self":[{"href":"https:\/\/rfroidmoncourtois.fr\/index.php?rest_route=\/wp\/v2\/pages\/6802","targetHints":{"allow":["GET"]}}],"collection":[{"href":"https:\/\/rfroidmoncourtois.fr\/index.php?rest_route=\/wp\/v2\/pages"}],"about":[{"href":"https:\/\/rfroidmoncourtois.fr\/index.php?rest_route=\/wp\/v2\/types\/page"}],"author":[{"embeddable":true,"href":"https:\/\/rfroidmoncourtois.fr\/index.php?rest_route=\/wp\/v2\/users\/1"}],"replies":[{"embeddable":true,"href":"https:\/\/rfroidmoncourtois.fr\/index.php?rest_route=%2Fwp%2Fv2%2Fcomments&post=6802"}],"version-history":[{"count":13,"href":"https:\/\/rfroidmoncourtois.fr\/index.php?rest_route=\/wp\/v2\/pages\/6802\/revisions"}],"predecessor-version":[{"id":6864,"href":"https:\/\/rfroidmoncourtois.fr\/index.php?rest_route=\/wp\/v2\/pages\/6802\/revisions\/6864"}],"wp:attachment":[{"href":"https:\/\/rfroidmoncourtois.fr\/index.php?rest_route=%2Fwp%2Fv2%2Fmedia&parent=6802"}],"curies":[{"name":"wp","href":"https:\/\/api.w.org\/{rel}","templated":true}]}}