{"id":6800,"date":"2025-08-11T11:08:55","date_gmt":"2025-08-11T11:08:55","guid":{"rendered":"https:\/\/romantic-napier.54-36-183-106.plesk.page\/?page_id=6800"},"modified":"2025-08-12T06:52:20","modified_gmt":"2025-08-12T06:52:20","slug":"cuisine-pro","status":"publish","type":"page","link":"https:\/\/rfroidmoncourtois.fr\/?page_id=6800","title":{"rendered":"Cuisine Pro"},"content":{"rendered":"[vc_row type=\u00a0\u00bbin_container\u00a0\u00bb full_screen_row_position=\u00a0\u00bbmiddle\u00a0\u00bb column_margin=\u00a0\u00bbdefault\u00a0\u00bb column_direction=\u00a0\u00bbdefault\u00a0\u00bb column_direction_tablet=\u00a0\u00bbdefault\u00a0\u00bb column_direction_phone=\u00a0\u00bbdefault\u00a0\u00bb scene_position=\u00a0\u00bbcenter\u00a0\u00bb text_color=\u00a0\u00bbdark\u00a0\u00bb text_align=\u00a0\u00bbleft\u00a0\u00bb row_border_radius=\u00a0\u00bbnone\u00a0\u00bb row_border_radius_applies=\u00a0\u00bbbg\u00a0\u00bb overlay_strength=\u00a0\u00bb0.3&Prime; gradient_direction=\u00a0\u00bbleft_to_right\u00a0\u00bb shape_divider_position=\u00a0\u00bbbottom\u00a0\u00bb bg_image_animation=\u00a0\u00bbnone\u00a0\u00bb][vc_column column_padding=\u00a0\u00bbno-extra-padding\u00a0\u00bb column_padding_tablet=\u00a0\u00bbinherit\u00a0\u00bb column_padding_phone=\u00a0\u00bbinherit\u00a0\u00bb column_padding_position=\u00a0\u00bball\u00a0\u00bb column_element_spacing=\u00a0\u00bbdefault\u00a0\u00bb background_color_opacity=\u00a0\u00bb1&Prime; background_hover_color_opacity=\u00a0\u00bb1&Prime; column_shadow=\u00a0\u00bbnone\u00a0\u00bb column_border_radius=\u00a0\u00bbnone\u00a0\u00bb column_link_target=\u00a0\u00bb_self\u00a0\u00bb gradient_direction=\u00a0\u00bbleft_to_right\u00a0\u00bb overlay_strength=\u00a0\u00bb0.3&Prime; width=\u00a0\u00bb1\/1&Prime; tablet_width_inherit=\u00a0\u00bbdefault\u00a0\u00bb tablet_text_alignment=\u00a0\u00bbdefault\u00a0\u00bb phone_text_alignment=\u00a0\u00bbdefault\u00a0\u00bb bg_image_animation=\u00a0\u00bbnone\u00a0\u00bb border_type=\u00a0\u00bbsimple\u00a0\u00bb column_border_width=\u00a0\u00bbnone\u00a0\u00bb column_border_style=\u00a0\u00bbsolid\u00a0\u00bb]<style type=\"text\/css\">@media only screen and (min-width: 1300px) { #nectar-slider-instance-1, #nectar-slider-instance-1 .swiper-container { height: 650px; }  } @media only screen and (max-width: 1299px) { #nectar-slider-instance-1, #nectar-slider-instance-1 .swiper-container { height: 541.66666666667px; }  } @media only screen and (max-width: 1000px) { #nectar-slider-instance-1, #nectar-slider-instance-1 .swiper-container { height: 464.28571428571px; }  } @media only screen and (max-width: 690px) { #nectar-slider-instance-1, #nectar-slider-instance-1 .swiper-container { height: 240.74074074074px; }  } <\/style><div  data-transition=\"slide\" data-overall_style=\"classic\" data-flexible-height=\"\" data-animate-in-effect=\"zoom-out\" data-fullscreen=\"false\" data-button-sizing=\"regular\" data-button-styling=\"btn_with_count\" data-autorotate=\"\" data-parallax=\"false\" data-parallax-disable-mobile=\"\" data-caption-trans=\"fade_in_from_bottom\" data-parallax-style=\"bg_only\" data-bg-animation=\"none\" data-full-width=\"true\" class=\"nectar-slider-wrap \" id=\"nectar-slider-instance-1\"><div class=\"swiper-container\"  data-tho=\"auto\" data-tco=\"auto\" data-pho=\"auto\" data-pco=\"auto\" data-loop=\"false\" data-height=\"650\" data-min-height=\"\" data-arrows=\"false\" data-bullets=\"false\" data-bullet_style=\"see_through\" data-bullet_position=\"bottom\" data-desktop-swipe=\"false\" data-settings=\"\"> <div class=\"swiper-wrapper\"><div class=\"swiper-slide\" data-desktop-content-width=\"auto\" data-tablet-content-width=\"auto\" data-bg-alignment=\"center\" data-color-scheme=\"light\" data-x-pos=\"left\" data-y-pos=\"middle\" ><div class=\"slide-bg-wrap\"><div class=\"image-bg\" style=\"background-image: url(https:\/\/rfroidmoncourtois.fr\/wp-content\/uploads\/2025\/08\/CUISINES-PROFESSIONELLES.png);\"> &nbsp; <\/div><\/div><div class=\"video-texture \"> <span class=\"ie-fix\"><\/span> <\/div><\/div> <!--\/swiper-slide--><\/div><div class=\"nectar-slider-loading \"> <span class=\"loading-icon none\">   <\/span> <\/div> <\/div> \r\n\t\t\t\t\t\r\n\t\t\t\t\t<\/div>[nectar_highlighted_text color_type=\u00a0\u00bbregular\u00a0\u00bb style=\u00a0\u00bbfull_text\u00a0\u00bb highlight_expansion=\u00a0\u00bbdefault\u00a0\u00bb]\n<h2><strong>Cuisines professionnelles pour restaurants et collectivit\u00e9s \u2013 R. Froid Moncourtois<\/strong><\/h2>\n<p>Chez\u00a0<strong>R. Froid Moncourtois<\/strong>, nous concevons et installons des\u00a0<strong>cuisines professionnelles sur mesure<\/strong>\u00a0pour les\u00a0<strong>restaurants<\/strong>,\u00a0<strong>h\u00f4tels<\/strong>,\u00a0<strong>collectivit\u00e9s<\/strong>\u00a0et \u00e9tablissements de\u00a0<strong>restauration collective<\/strong>. Notre objectif : vous fournir une\u00a0<strong>cuisine \u00e9quip\u00e9e<\/strong>, performante, fonctionnelle et conforme aux\u00a0<strong>normes d\u2019hygi\u00e8ne et de s\u00e9curit\u00e9<\/strong>\u00a0les plus strictes.<\/p>\n<h3><strong>Des cuisines professionnelles performantes et ergonomiques<\/strong><\/h3>\n<p>Une\u00a0<strong>cuisine professionnelle bien pens\u00e9e<\/strong>\u00a0est la cl\u00e9 d&rsquo;une pr\u00e9paration efficace et rapide des repas en grande quantit\u00e9. Nos installations int\u00e8grent :<\/p>\n<ul>\n<li>Des <strong>fours industriels<\/strong>\u00a0derni\u00e8re g\u00e9n\u00e9ration<\/li>\n<li>Des <strong>plaques de cuisson professionnelles<\/strong>\u00a0haute performance<\/li>\n<li>Des <strong>\u00e9quipements de refroidissement professionnels<\/strong>\u00a0(armoires, cellules, chambres froides)<\/li>\n<\/ul>\n<p>Nos\u00a0<strong>cuisines professionnelles<\/strong>\u00a0sont am\u00e9nag\u00e9es de mani\u00e8re\u00a0<strong>ergonomique<\/strong>, pour optimiser les flux de travail, limiter les d\u00e9placements inutiles, et faciliter les gestes quotidiens des\u00a0<strong>chefs cuisiniers<\/strong>\u00a0et de leur \u00e9quipe.<\/p>\n<h3><strong>Cuisine professionnelle : qualit\u00e9, hygi\u00e8ne, efficacit\u00e9<\/strong><\/h3>\n<p>Choisir une\u00a0<strong>cuisine professionnelle R. Froid Moncourtois<\/strong>, c\u2019est faire le choix de :<\/p>\n<ul>\n<li>La <strong>fiabilit\u00e9<\/strong>\u00a0des \u00e9quipements<\/li>\n<li>Une <strong>installation sur mesure<\/strong><\/li>\n<li>Le <strong>respect des normes sanitaires<\/strong><\/li>\n<li>Une <strong>efficacit\u00e9 optimale<\/strong>\u00a0dans la pr\u00e9paration des repas<\/li>\n<\/ul>\n<p><strong>B\u00e9n\u00e9ficiez de notre expertise pour le choix de votre cuisine professionnelle ou de votre r\u00e9frig\u00e9rateur<\/strong>\u00a0: un accompagnement personnalis\u00e9, des conseils de sp\u00e9cialistes, et un service de proximit\u00e9 pr\u00e8s de\u00a0<strong>Fontainebleau<\/strong>.[\/nectar_highlighted_text][\/vc_column][\/vc_row]\n","protected":false},"excerpt":{"rendered":"<p>[vc_row type=\u00a0\u00bbin_container\u00a0\u00bb full_screen_row_position=\u00a0\u00bbmiddle\u00a0\u00bb column_margin=\u00a0\u00bbdefault\u00a0\u00bb column_direction=\u00a0\u00bbdefault\u00a0\u00bb column_direction_tablet=\u00a0\u00bbdefault\u00a0\u00bb column_direction_phone=\u00a0\u00bbdefault\u00a0\u00bb scene_position=\u00a0\u00bbcenter\u00a0\u00bb text_color=\u00a0\u00bbdark\u00a0\u00bb text_align=\u00a0\u00bbleft\u00a0\u00bb row_border_radius=\u00a0\u00bbnone\u00a0\u00bb row_border_radius_applies=\u00a0\u00bbbg\u00a0\u00bb overlay_strength=\u00a0\u00bb0.3&Prime; gradient_direction=\u00a0\u00bbleft_to_right\u00a0\u00bb shape_divider_position=\u00a0\u00bbbottom\u00a0\u00bb bg_image_animation=\u00a0\u00bbnone\u00a0\u00bb][vc_column column_padding=\u00a0\u00bbno-extra-padding\u00a0\u00bb column_padding_tablet=\u00a0\u00bbinherit\u00a0\u00bb column_padding_phone=\u00a0\u00bbinherit\u00a0\u00bb column_padding_position=\u00a0\u00bball\u00a0\u00bb column_element_spacing=\u00a0\u00bbdefault\u00a0\u00bb background_color_opacity=\u00a0\u00bb1&Prime; background_hover_color_opacity=\u00a0\u00bb1&Prime; column_shadow=\u00a0\u00bbnone\u00a0\u00bb column_border_radius=\u00a0\u00bbnone\u00a0\u00bb&#8230;<\/p>\n","protected":false},"author":1,"featured_media":0,"parent":0,"menu_order":0,"comment_status":"closed","ping_status":"closed","template":"","meta":{"footnotes":""},"class_list":["post-6800","page","type-page","status-publish"],"_links":{"self":[{"href":"https:\/\/rfroidmoncourtois.fr\/index.php?rest_route=\/wp\/v2\/pages\/6800","targetHints":{"allow":["GET"]}}],"collection":[{"href":"https:\/\/rfroidmoncourtois.fr\/index.php?rest_route=\/wp\/v2\/pages"}],"about":[{"href":"https:\/\/rfroidmoncourtois.fr\/index.php?rest_route=\/wp\/v2\/types\/page"}],"author":[{"embeddable":true,"href":"https:\/\/rfroidmoncourtois.fr\/index.php?rest_route=\/wp\/v2\/users\/1"}],"replies":[{"embeddable":true,"href":"https:\/\/rfroidmoncourtois.fr\/index.php?rest_route=%2Fwp%2Fv2%2Fcomments&post=6800"}],"version-history":[{"count":4,"href":"https:\/\/rfroidmoncourtois.fr\/index.php?rest_route=\/wp\/v2\/pages\/6800\/revisions"}],"predecessor-version":[{"id":6839,"href":"https:\/\/rfroidmoncourtois.fr\/index.php?rest_route=\/wp\/v2\/pages\/6800\/revisions\/6839"}],"wp:attachment":[{"href":"https:\/\/rfroidmoncourtois.fr\/index.php?rest_route=%2Fwp%2Fv2%2Fmedia&parent=6800"}],"curies":[{"name":"wp","href":"https:\/\/api.w.org\/{rel}","templated":true}]}}