{"id":6797,"date":"2025-08-11T11:06:13","date_gmt":"2025-08-11T11:06:13","guid":{"rendered":"https:\/\/romantic-napier.54-36-183-106.plesk.page\/?page_id=6797"},"modified":"2025-08-11T11:06:30","modified_gmt":"2025-08-11T11:06:30","slug":"rgpd","status":"publish","type":"page","link":"https:\/\/rfroidmoncourtois.fr\/?page_id=6797","title":{"rendered":"RGPD"},"content":{"rendered":"[vc_row type=\u00a0\u00bbin_container\u00a0\u00bb full_screen_row_position=\u00a0\u00bbmiddle\u00a0\u00bb column_margin=\u00a0\u00bbdefault\u00a0\u00bb column_direction=\u00a0\u00bbdefault\u00a0\u00bb column_direction_tablet=\u00a0\u00bbdefault\u00a0\u00bb column_direction_phone=\u00a0\u00bbdefault\u00a0\u00bb scene_position=\u00a0\u00bbcenter\u00a0\u00bb text_color=\u00a0\u00bbdark\u00a0\u00bb text_align=\u00a0\u00bbleft\u00a0\u00bb row_border_radius=\u00a0\u00bbnone\u00a0\u00bb row_border_radius_applies=\u00a0\u00bbbg\u00a0\u00bb overlay_strength=\u00a0\u00bb0.3&Prime; gradient_direction=\u00a0\u00bbleft_to_right\u00a0\u00bb shape_divider_position=\u00a0\u00bbbottom\u00a0\u00bb bg_image_animation=\u00a0\u00bbnone\u00a0\u00bb][vc_column column_padding=\u00a0\u00bbno-extra-padding\u00a0\u00bb column_padding_tablet=\u00a0\u00bbinherit\u00a0\u00bb column_padding_phone=\u00a0\u00bbinherit\u00a0\u00bb column_padding_position=\u00a0\u00bball\u00a0\u00bb column_element_spacing=\u00a0\u00bbdefault\u00a0\u00bb background_color_opacity=\u00a0\u00bb1&Prime; background_hover_color_opacity=\u00a0\u00bb1&Prime; column_shadow=\u00a0\u00bbnone\u00a0\u00bb column_border_radius=\u00a0\u00bbnone\u00a0\u00bb column_link_target=\u00a0\u00bb_self\u00a0\u00bb gradient_direction=\u00a0\u00bbleft_to_right\u00a0\u00bb overlay_strength=\u00a0\u00bb0.3&Prime; width=\u00a0\u00bb1\/1&Prime; tablet_width_inherit=\u00a0\u00bbdefault\u00a0\u00bb tablet_text_alignment=\u00a0\u00bbdefault\u00a0\u00bb phone_text_alignment=\u00a0\u00bbdefault\u00a0\u00bb bg_image_animation=\u00a0\u00bbnone\u00a0\u00bb border_type=\u00a0\u00bbsimple\u00a0\u00bb column_border_width=\u00a0\u00bbnone\u00a0\u00bb column_border_style=\u00a0\u00bbsolid\u00a0\u00bb][vc_column_text]RGPD<\/p>\n<p>&nbsp;<\/p>\n<p>Vie priv\u00e9e et protection des donn\u00e9es de\u00a0R Froid Moncourtois, 22 rue Champs, Moncourt Fromonville, 77140, FR<\/p>\n<p>L&rsquo;h\u00e9bergement de ce site est assur\u00e9 par Amazon Web Services, dans un centre de donn\u00e9es europ\u00e9en situ\u00e9 \u00e0 Francfort en Allemagne.<\/p>\n<p>Protection de la vie priv\u00e9e<\/p>\n<p>Derni\u00e8re date de Mise \u00e0 jour : 27\/10\/2023<\/p>\n<ol>\n<li>Identit\u00e9 du responsable du traitement<\/li>\n<\/ol>\n<p>Les donn\u00e9es personnelles sont collect\u00e9es par l\u2019Annonceur du site tel qu\u2019identifi\u00e9 dans les mentions l\u00e9gales.<\/p>\n<ol start=\"2\">\n<li>Les traitements relatifs \u00e0 vos donn\u00e9es personnelles<\/li>\n<\/ol>\n<p>Notre site ne demande pas d&rsquo;enregistrement nominatif \u00e0 ses visiteurs et ne proc\u00e8de \u00e0 aucun enregistrement nominatif pour la simple consultation de ses pages.<\/p>\n<p>Cependant, dans certains cas (formulaire de contact, fonctionnalit\u00e9s de partage et modules sociaux, rubrique cr\u00e9ation de compte, paiement en ligne&#8230;), vous pouvez \u00eatre invit\u00e9 \u00e0 laisser des donn\u00e9es personnelles (noms, pr\u00e9noms, num\u00e9ros de t\u00e9l\u00e9phones, adresses postales, adresse \u00e9lectronique\u2026). Le caract\u00e8re obligatoire ou facultatif des donn\u00e9es vous est signal\u00e9 lors de la collecte par un ast\u00e9risque.<\/p>\n<p>Le cas \u00e9ch\u00e9ant, le formulaire de collecte pourra \u00eatre accompagn\u00e9 d&rsquo;une case \u00e0 cocher vous permettant d&rsquo;accepter ou de refuser que vos donn\u00e9es soient utilis\u00e9es \u00e0 des fins commerciales pour le compte de tiers, et\/ou c\u00e9d\u00e9es \u00e0 des tiers.<\/p>\n<p>Nous ne collectons aucune donn\u00e9e sensible, \u00e0 savoir aucune donn\u00e9e relative \u00e0 vos origines raciales ou ethniques, \u00e0 vos opinions politiques, philosophiques ou religieuses ou votre appartenance syndicale, ou qui sont relatives \u00e0 votre sant\u00e9 ou votre vie sexuelle.<\/p>\n<p>Par ailleurs, lors de la consultation de notre site web et de l\u2019utilisation de nos services, nous sommes amen\u00e9s \u00e0 collecter et traiter des donn\u00e9es relatives \u00e0 votre navigation (notamment les cookies, et les pages que vous avez consult\u00e9es), et \u00e0 votre terminal (type de navigateur utilis\u00e9, mod\u00e8le et version de votre syst\u00e8me d\u2019exploitation, r\u00e9solution de votre \u00e9cran, pr\u00e9sence de certains plug-ins, \u2026). Ces donn\u00e9es seront utilis\u00e9es d\u2019une part pour adapter nos contenus et services \u00e0 vos besoins, et d\u2019autre part pour r\u00e9aliser des statistiques d\u2019utilisation de nos services afin de les rendre plus pertinents.<\/p>\n<p>Dans certains cas, les donn\u00e9es peuvent \u00eatre directement collect\u00e9es par un partenaire ext\u00e9rieur au site via la mise en ligne de son propre formulaire sur le site. La gestion des donn\u00e9es sp\u00e9cifiques \u00e0 ce formulaire rel\u00e8ve dans ces cas de la responsabilit\u00e9 du partenaire.<\/p>\n<p>Avec votre consentement, nous r\u00e9aliserons \u00e9galement une g\u00e9olocalisation approximative de votre ville d\u2019origine \u00e0 partir de votre adresse IP.<\/p>\n<p>Par ailleurs, si vous ne souhaitez pas faire l\u2019objet de prospection commerciale par voie t\u00e9l\u00e9phonique, vous pouvez gratuitement vous inscrire sur une liste d\u2019opposition au d\u00e9marchage t\u00e9l\u00e9phonique (Bloctel) sur le site internet <a href=\"https:\/\/www.bloctel.gouv.fr\/\">www.bloctel.gouv.fr<\/a> , \u00e9tant pr\u00e9cis\u00e9 que l\u2019inscription sur ladite liste n\u2019est pas opposable au professionnel en cas de relations contractuelles pr\u00e9existantes.<\/p>\n<p>Quand ?<\/p>\n<p>&nbsp;<\/p>\n<p>Nous collectons vos donn\u00e9es notamment quand :<\/p>\n<p>&nbsp;<\/p>\n<ul>\n<li>Vous cr\u00e9ez et utilisez un compte personnel,<\/li>\n<li>Vous utilisez notre formulaire de contact,<\/li>\n<li>Vous naviguez sur notre site et consultez nos produits et services.<\/li>\n<li>vous utilisez certaines fonctionnalit\u00e9s de notre site (par exemple \u00e0 l\u2019occasion d\u2019une transaction en ligne, d\u2019une prise de rdv\u2026)<\/li>\n<\/ul>\n<p>Quelles finalit\u00e9s ?<\/p>\n<p>Nous utilisons vos donn\u00e9es personnelles pour diff\u00e9rentes finalit\u00e9s :<\/p>\n<table>\n<tbody>\n<tr>\n<td width=\"1157\"><strong>Finalit\u00e9s<\/strong><\/td>\n<td width=\"121\"><strong>Base l\u00e9gale<\/strong><\/td>\n<\/tr>\n<tr>\n<td width=\"1157\">\u2022\u00a0\u00a0 vous permettre d\u2019utiliser nos services<\/p>\n<p>\u2022\u00a0\u00a0 vous contacter pour r\u00e9pondre \u00e0 vos demandes ;<\/p>\n<p>\u2022\u00a0\u00a0 nous permettre d\u2019\u00e9tablir des statistiques anonymes de comptage et d\u2019audience strictement n\u00e9cessaires \u00e0 la d\u00e9livrance des services ;<\/p>\n<p>\u2022\u00a0\u00a0 assurer la s\u00e9curit\u00e9 du site<\/td>\n<td width=\"121\">Notre int\u00e9r\u00eat l\u00e9gitime<\/td>\n<\/tr>\n<tr>\n<td width=\"1157\">\u2022\u00a0\u00a0 vous informer sur les services pour lesquels vous avez exprim\u00e9 un int\u00e9r\u00eat et qui vous sont propos\u00e9s sur notre site<\/p>\n<p>\u2022\u00a0\u00a0 permettre \u00e0 nos partenaires de vous proposer des offres publicitaires en dehors de notre site en rapport avec vos centres d\u2019int\u00e9r\u00eat ;<\/p>\n<p>\u2022\u00a0\u00a0 vous inscrire \u00e0 une newsletter et vous envoyer des informations relatives \u00e0 nos produits et services ;<\/p>\n<p>\u2022\u00a0\u00a0 nous permettre d&rsquo;\u00e9tablir des statistiques et comptages de fr\u00e9quentation et d&rsquo;utilisation des diverses rubriques et contenus de notre site et de nos services notamment afin d\u2019adapter lesdites rubriques et lesdits contenus en fonction de votre navigation<\/td>\n<td width=\"121\">Votre consentement<\/td>\n<\/tr>\n<tr>\n<td width=\"1157\">\u2022\u00a0\u00a0 nous permettre de traiter les demandes d\u2019exercice de droits ;<\/p>\n<p>\u2022\u00a0\u00a0 nous permettre de r\u00e9pondre aux demandes officielles d\u2019autorit\u00e9s publiques ou judiciaires habilit\u00e9es \u00e0 cet effet<\/td>\n<td width=\"121\">Obligation l\u00e9gale<\/td>\n<\/tr>\n<tr>\n<td width=\"1157\">\u2022\u00a0\u00a0 vous permettre d\u2019utiliser nos services<\/td>\n<td width=\"121\">Ex\u00e9cution du contrat<\/td>\n<\/tr>\n<\/tbody>\n<\/table>\n<p>Cookies<\/p>\n<p>Pour vous informer sur l\u2019utilisation faite des cookies sur notre site, sur vos droits et vos moyens de vous y opposer, vous pouvez consulter la page sp\u00e9cialement consacr\u00e9e \u00e0 cette th\u00e9matique en <a href=\"https:\/\/www.rfroidmoncourtois.fr\/privacy\">cliquant ici<\/a>. Pour param\u00e9trer, cliquez sur l\u2019ic\u00f4ne en bas \u00e0 gauche de l\u2019\u00e9cran.<\/p>\n<p>Destinataires<\/p>\n<p>Sont destinataires des donn\u00e9es :<\/p>\n<ul>\n<li>l\u2019Annonceur et ses \u00e9ventuels sous-traitants,<\/li>\n<li>Pour la r\u00e9alisation de statistiques de fr\u00e9quentation, la soci\u00e9t\u00e9<\/li>\n<li>Les soci\u00e9t\u00e9s fournissant les modules tiers impl\u00e9ment\u00e9s le cas \u00e9ch\u00e9ant sur ce site (ex : prise de rendez-vous, alerte email, lecture vid\u00e9o\u2026),<\/li>\n<li>Vos donn\u00e9es de g\u00e9olocalisation et de navigation pourront \u00eatre transmises \u00e0 nos partenaires sous r\u00e9serve de votre accord afin de vous afficher des publicit\u00e9s adapt\u00e9es \u00e0 vos centres d\u2019int\u00e9r\u00eat et vos d\u00e9placements. Est \u00e0 date partenaire la soci\u00e9t\u00e9 Digital To Store. Vous trouverez plus d\u2019information sur les traitements mis en \u0153uvre par cette soci\u00e9t\u00e9 \u00e0 l\u2019adresse suivante :\u2028<a href=\"https:\/\/frontend.adhslx.com\/privacy.html\">https:\/\/frontend.adhslx.com\/privacy.html<\/a>.<\/li>\n<\/ul>\n<p>Toute transmission de ces donn\u00e9es \u00e0 des soci\u00e9t\u00e9s tierces est soumise \u00e0 votre consentement pr\u00e9alable.<\/p>\n<p>Nous proposons sur ce site certaines fonctionnalit\u00e9s (outil de mesure d\u2019audience, boutons de partage sur les r\u00e9seaux sociaux) dont l\u2019utilisation implique un transfert de donn\u00e9es hors Union Europ\u00e9enne, aux Etats-Unis. Ce transfert est encadr\u00e9 par la signature de clauses contractuelles types avec les soci\u00e9t\u00e9s concern\u00e9es.<\/p>\n<p>Dur\u00e9e de conservation<\/p>\n<p>Vos donn\u00e9es de contact, vos donn\u00e9es relatives aux commandes et aux paiements sont conserv\u00e9es pendant la p\u00e9riode de prise de contact et de prestation de service, ainsi que pendant la dur\u00e9e n\u00e9cessaire \u00e0 des fins probatoires et de gestion des contentieux.<\/p>\n<p>Vos donn\u00e9es de navigation sont conserv\u00e9es pendant la dur\u00e9e strictement n\u00e9cessaire aux finalit\u00e9s du traitement consid\u00e9r\u00e9 et en accord avec la r\u00e9glementation relative \u00e0 la protection des donn\u00e9es \u00e0 caract\u00e8re personnel :<\/p>\n<ul>\n<li>Les informations collect\u00e9es par le biais de ces cookies et autres traceurs avec votre consentement sont conserv\u00e9es pour une dur\u00e9e ne pouvant pas exc\u00e9der 14 mois.<\/li>\n<li>S\u2019agissant des informations collect\u00e9es par le biais de cookies et autres traceurs \u00e0 des fins de mesure d\u2019audience et analytiques et consid\u00e9r\u00e9s comme essentiels au fonctionnement du service, elles sont conserv\u00e9es pour une dur\u00e9e ne pouvant pas exc\u00e9der 25 mois.<\/li>\n<\/ul>\n<ol start=\"3\">\n<li>Quels sont vos droits ?<\/li>\n<\/ol>\n<p>Vous disposez de droits d\u2019acc\u00e8s, de rectification, d\u2019effacement, d\u2019opposition, de limitation du traitement de vos donn\u00e9es, de retrait de votre consentement et b\u00e9n\u00e9ficiez \u00e9galement du droit \u00e0 la portabilit\u00e9 de vos donn\u00e9es.<\/p>\n<p>Vous pouvez donner des directives concernant l\u2019utilisation de vos donn\u00e9es apr\u00e8s votre d\u00e9c\u00e8s.<\/p>\n<p>Vous pouvez exercer ces droits :\u20281. Aupr\u00e8s de l\u2019Annonceur en utilisant les coordonn\u00e9es indiqu\u00e9es dans les mentions l\u00e9gales.<\/p>\n<ol start=\"2\">\n<li>En ce qui concerne le traitement de donn\u00e9es permettant de vous afficher des publicit\u00e9s cibl\u00e9es : les droits peuvent \u00eatre exerc\u00e9s via la page suivante : <a href=\"https:\/\/frontend.adhslx.com\/privacy.html\">https:\/\/frontend.adhslx.com\/privacy.html<\/a> \u2028ou par courier postal :<\/li>\n<\/ol>\n<p>Un justificatif d\u2019identit\u00e9 pourra vous \u00eatre demand\u00e9.<\/p>\n<p>Vous avez \u00e9galement le droit d\u2019introduire une r\u00e9clamation \u00e0 notre encontre aupr\u00e8s de l\u2019autorit\u00e9 de contr\u00f4le.<\/p>\n<p>Nous nous r\u00e9servons le droit de modifier, \u00e0 tout moment et sans pr\u00e9avis, tout ou partie de nos r\u00e8gles relatives \u00e0 la protection de la vie priv\u00e9e. En cons\u00e9quence, nous vous conseillons de vous r\u00e9f\u00e9rer r\u00e9guli\u00e8rement \u00e0 la derni\u00e8re version desdites r\u00e8gles disponible en permanence sur notre site. Les modifications entrent en vigueur \u00e0 la date de leur mise en ligne sur notre site et sont opposables \u00e0 la date de votre premi\u00e8re utilisation de celle-ci.<\/p>\n<p>L&rsquo;utilisation de notre site implique la pleine et enti\u00e8re acceptation de toute r\u00e9vision ou modification de nos r\u00e8gles relatives \u00e0 la protection de la vie priv\u00e9e.[\/vc_column_text][\/vc_column][\/vc_row]\n","protected":false},"excerpt":{"rendered":"<p>[vc_row type=\u00a0\u00bbin_container\u00a0\u00bb full_screen_row_position=\u00a0\u00bbmiddle\u00a0\u00bb column_margin=\u00a0\u00bbdefault\u00a0\u00bb column_direction=\u00a0\u00bbdefault\u00a0\u00bb column_direction_tablet=\u00a0\u00bbdefault\u00a0\u00bb column_direction_phone=\u00a0\u00bbdefault\u00a0\u00bb scene_position=\u00a0\u00bbcenter\u00a0\u00bb text_color=\u00a0\u00bbdark\u00a0\u00bb text_align=\u00a0\u00bbleft\u00a0\u00bb row_border_radius=\u00a0\u00bbnone\u00a0\u00bb row_border_radius_applies=\u00a0\u00bbbg\u00a0\u00bb overlay_strength=\u00a0\u00bb0.3&Prime; gradient_direction=\u00a0\u00bbleft_to_right\u00a0\u00bb shape_divider_position=\u00a0\u00bbbottom\u00a0\u00bb bg_image_animation=\u00a0\u00bbnone\u00a0\u00bb][vc_column column_padding=\u00a0\u00bbno-extra-padding\u00a0\u00bb column_padding_tablet=\u00a0\u00bbinherit\u00a0\u00bb column_padding_phone=\u00a0\u00bbinherit\u00a0\u00bb column_padding_position=\u00a0\u00bball\u00a0\u00bb column_element_spacing=\u00a0\u00bbdefault\u00a0\u00bb background_color_opacity=\u00a0\u00bb1&Prime; background_hover_color_opacity=\u00a0\u00bb1&Prime; column_shadow=\u00a0\u00bbnone\u00a0\u00bb column_border_radius=\u00a0\u00bbnone\u00a0\u00bb&#8230;<\/p>\n","protected":false},"author":1,"featured_media":0,"parent":0,"menu_order":0,"comment_status":"closed","ping_status":"closed","template":"","meta":{"footnotes":""},"class_list":["post-6797","page","type-page","status-publish"],"_links":{"self":[{"href":"https:\/\/rfroidmoncourtois.fr\/index.php?rest_route=\/wp\/v2\/pages\/6797","targetHints":{"allow":["GET"]}}],"collection":[{"href":"https:\/\/rfroidmoncourtois.fr\/index.php?rest_route=\/wp\/v2\/pages"}],"about":[{"href":"https:\/\/rfroidmoncourtois.fr\/index.php?rest_route=\/wp\/v2\/types\/page"}],"author":[{"embeddable":true,"href":"https:\/\/rfroidmoncourtois.fr\/index.php?rest_route=\/wp\/v2\/users\/1"}],"replies":[{"embeddable":true,"href":"https:\/\/rfroidmoncourtois.fr\/index.php?rest_route=%2Fwp%2Fv2%2Fcomments&post=6797"}],"version-history":[{"count":2,"href":"https:\/\/rfroidmoncourtois.fr\/index.php?rest_route=\/wp\/v2\/pages\/6797\/revisions"}],"predecessor-version":[{"id":6799,"href":"https:\/\/rfroidmoncourtois.fr\/index.php?rest_route=\/wp\/v2\/pages\/6797\/revisions\/6799"}],"wp:attachment":[{"href":"https:\/\/rfroidmoncourtois.fr\/index.php?rest_route=%2Fwp%2Fv2%2Fmedia&parent=6797"}],"curies":[{"name":"wp","href":"https:\/\/api.w.org\/{rel}","templated":true}]}}