{"id":5887,"date":"2023-01-13T14:44:25","date_gmt":"2023-01-13T14:44:25","guid":{"rendered":"https:\/\/sad-shockley.54-36-183-106.plesk.page\/?page_id=5887"},"modified":"2025-08-11T11:01:16","modified_gmt":"2025-08-11T11:01:16","slug":"demarches-environnementales","status":"publish","type":"page","link":"https:\/\/rfroidmoncourtois.fr\/?page_id=5887","title":{"rendered":"Mentions l\u00e9gales"},"content":{"rendered":"[vc_row type=\u00a0\u00bbin_container\u00a0\u00bb full_screen_row_position=\u00a0\u00bbmiddle\u00a0\u00bb column_margin=\u00a0\u00bbdefault\u00a0\u00bb column_direction=\u00a0\u00bbdefault\u00a0\u00bb column_direction_tablet=\u00a0\u00bbdefault\u00a0\u00bb column_direction_phone=\u00a0\u00bbdefault\u00a0\u00bb scene_position=\u00a0\u00bbcenter\u00a0\u00bb text_color=\u00a0\u00bbdark\u00a0\u00bb text_align=\u00a0\u00bbleft\u00a0\u00bb row_border_radius=\u00a0\u00bbnone\u00a0\u00bb row_border_radius_applies=\u00a0\u00bbbg\u00a0\u00bb overlay_strength=\u00a0\u00bb0.3&Prime; gradient_direction=\u00a0\u00bbleft_to_right\u00a0\u00bb shape_divider_position=\u00a0\u00bbbottom\u00a0\u00bb bg_image_animation=\u00a0\u00bbnone\u00a0\u00bb][vc_column column_padding=\u00a0\u00bbno-extra-padding\u00a0\u00bb column_padding_tablet=\u00a0\u00bbinherit\u00a0\u00bb column_padding_phone=\u00a0\u00bbinherit\u00a0\u00bb column_padding_position=\u00a0\u00bball\u00a0\u00bb column_element_spacing=\u00a0\u00bbdefault\u00a0\u00bb background_color_opacity=\u00a0\u00bb1&Prime; background_hover_color_opacity=\u00a0\u00bb1&Prime; column_shadow=\u00a0\u00bbnone\u00a0\u00bb column_border_radius=\u00a0\u00bbnone\u00a0\u00bb column_link_target=\u00a0\u00bb_self\u00a0\u00bb gradient_direction=\u00a0\u00bbleft_to_right\u00a0\u00bb overlay_strength=\u00a0\u00bb0.3&Prime; width=\u00a0\u00bb1\/1&Prime; tablet_width_inherit=\u00a0\u00bbdefault\u00a0\u00bb tablet_text_alignment=\u00a0\u00bbdefault\u00a0\u00bb phone_text_alignment=\u00a0\u00bbdefault\u00a0\u00bb bg_image_animation=\u00a0\u00bbnone\u00a0\u00bb border_type=\u00a0\u00bbsimple\u00a0\u00bb column_border_width=\u00a0\u00bbnone\u00a0\u00bb column_border_style=\u00a0\u00bbsolid\u00a0\u00bb][vc_column_text]\n<div class=\"page\" title=\"Page 1\">\n<div class=\"layoutArea\">\n<div class=\"column\">\n<p>MENTIONS L\u00c9GALES<\/p>\n<p>&nbsp;<\/p>\n<p>Mentions l\u00e9gales de\u00a0R Froid Moncourtoisdomicili\u00e9e\u00a022 rue Champs, Moncourt Fromonville, 77140, FR<\/p>\n<p>Raison sociale :<\/p>\n<p><strong>R FROID MONCOURTOIS<\/strong><\/p>\n<p>Forme juridique :<\/p>\n<p>Capital social :<\/p>\n<p>Adresse :<\/p>\n<p><strong>22 RUE DES CHAMPS 77140 MONTCOURT FROMONVILLE FRANCE<\/strong><\/p>\n<p>Adresse \u00e9lectronique :<\/p>\n<p><strong>gestion@rfroid-idf.fr<\/strong><\/p>\n<p>T\u00e9l\u00e9phone :<\/p>\n<p><strong>01 64 78 22 92<\/strong><\/p>\n<p>N\u00b0 d&rsquo;inscription au RCS ou r\u00e9pertoire des m\u00e9tiers :<\/p>\n<p>SIRET :<\/p>\n<p><strong>48371774000029<\/strong><\/p>\n<p>N\u00b0 d\u2019assujettissement \u00e0 la TVA :<\/p>\n<p><strong>FR58483717740<\/strong><\/p>\n<p>Nom du directeur de la r\u00e9daction\/publication :<\/p>\n<p>R\u00e9f\u00e9rence aux r\u00e8gles professionnelles applicables :<\/p>\n<p>Titre professionnel :<\/p>\n<p>Nom de l\u2019\u00c9tat de l&rsquo;Union europ\u00e9enne dans lequel le titre professionnel a \u00e9t\u00e9 octroy\u00e9 :<\/p>\n<p>Nom de l&rsquo;ordre\/organisme aupr\u00e8s duquel l\u2019inscription a \u00e9t\u00e9 faite :<\/p>\n<p>Le responsable publication est une personne physique ou une personne morale.<br \/>\nWebmaster : EI GR-IT \u2013 9 Avenue Gambetta 77140 Nemours \u2013 Contact@gr-it.fr \u2013 07 87 71 40 06<br \/>\nHe\u0301bergeur : OVH \u2013 2 rue Kellermann 59100 Roubaix 1007<\/p>\n<p>&nbsp;<\/p>\n<\/div>\n<\/div>\n<\/div>\n[\/vc_column_text][\/vc_column][\/vc_row]\n","protected":false},"excerpt":{"rendered":"<p>[vc_row type=\u00a0\u00bbin_container\u00a0\u00bb full_screen_row_position=\u00a0\u00bbmiddle\u00a0\u00bb column_margin=\u00a0\u00bbdefault\u00a0\u00bb column_direction=\u00a0\u00bbdefault\u00a0\u00bb column_direction_tablet=\u00a0\u00bbdefault\u00a0\u00bb column_direction_phone=\u00a0\u00bbdefault\u00a0\u00bb scene_position=\u00a0\u00bbcenter\u00a0\u00bb text_color=\u00a0\u00bbdark\u00a0\u00bb text_align=\u00a0\u00bbleft\u00a0\u00bb row_border_radius=\u00a0\u00bbnone\u00a0\u00bb row_border_radius_applies=\u00a0\u00bbbg\u00a0\u00bb overlay_strength=\u00a0\u00bb0.3&Prime; gradient_direction=\u00a0\u00bbleft_to_right\u00a0\u00bb shape_divider_position=\u00a0\u00bbbottom\u00a0\u00bb bg_image_animation=\u00a0\u00bbnone\u00a0\u00bb][vc_column column_padding=\u00a0\u00bbno-extra-padding\u00a0\u00bb column_padding_tablet=\u00a0\u00bbinherit\u00a0\u00bb column_padding_phone=\u00a0\u00bbinherit\u00a0\u00bb column_padding_position=\u00a0\u00bball\u00a0\u00bb column_element_spacing=\u00a0\u00bbdefault\u00a0\u00bb background_color_opacity=\u00a0\u00bb1&Prime; background_hover_color_opacity=\u00a0\u00bb1&Prime; column_shadow=\u00a0\u00bbnone\u00a0\u00bb column_border_radius=\u00a0\u00bbnone\u00a0\u00bb&#8230;<\/p>\n","protected":false},"author":1,"featured_media":0,"parent":0,"menu_order":0,"comment_status":"closed","ping_status":"closed","template":"","meta":{"footnotes":""},"class_list":["post-5887","page","type-page","status-publish"],"_links":{"self":[{"href":"https:\/\/rfroidmoncourtois.fr\/index.php?rest_route=\/wp\/v2\/pages\/5887","targetHints":{"allow":["GET"]}}],"collection":[{"href":"https:\/\/rfroidmoncourtois.fr\/index.php?rest_route=\/wp\/v2\/pages"}],"about":[{"href":"https:\/\/rfroidmoncourtois.fr\/index.php?rest_route=\/wp\/v2\/types\/page"}],"author":[{"embeddable":true,"href":"https:\/\/rfroidmoncourtois.fr\/index.php?rest_route=\/wp\/v2\/users\/1"}],"replies":[{"embeddable":true,"href":"https:\/\/rfroidmoncourtois.fr\/index.php?rest_route=%2Fwp%2Fv2%2Fcomments&post=5887"}],"version-history":[{"count":11,"href":"https:\/\/rfroidmoncourtois.fr\/index.php?rest_route=\/wp\/v2\/pages\/5887\/revisions"}],"predecessor-version":[{"id":6792,"href":"https:\/\/rfroidmoncourtois.fr\/index.php?rest_route=\/wp\/v2\/pages\/5887\/revisions\/6792"}],"wp:attachment":[{"href":"https:\/\/rfroidmoncourtois.fr\/index.php?rest_route=%2Fwp%2Fv2%2Fmedia&parent=5887"}],"curies":[{"name":"wp","href":"https:\/\/api.w.org\/{rel}","templated":true}]}}